{"id":2184,"date":"2019-05-28T09:15:08","date_gmt":"2019-05-28T09:15:08","guid":{"rendered":"https:\/\/enovathemes.com\/automax\/?page_id=2184"},"modified":"2019-05-28T09:15:08","modified_gmt":"2019-05-28T09:15:08","slug":"sobre-nos","status":"publish","type":"page","link":"https:\/\/magol.pt\/index.php\/sobre-nos\/","title":{"rendered":"Sobre N\u00f3s"},"content":{"rendered":"<p>[vc_row gap=&#8221;40&#8243; equal_height=&#8221;yes&#8221; content_placement=&#8221;top&#8221; element_id=&#8221;214947&#8243; css=&#8221;.vc_custom_1604542251082{padding-bottom: 48px !important;}&#8221;][vc_column animation_delay=&#8221;0&#8243; element_id=&#8221;95569&#8243; offset=&#8221;vc_col-lg-7 vc_col-md-12 vc_col-xs-12&#8243; crp=&#8221;480:i:i,480-768:i:i,768-1024:i:i,1024-1280:i:i,1280-1366:i:i,1366-1600:i:i,1600-1920:i:i&#8221;][et_heading type=&#8221;h3&#8243; text_color=&#8221;#d90429&#8243; font_weight=&#8221;700&#8243; line_height=&#8221;48&#8243; text_transform=&#8221;uppercase&#8221; mobile_font_size=&#8221;32px&#8221; mobile_line_height=&#8221;40px&#8221; margin=&#8221;0,0,8,0&#8243; padding=&#8221;0,0,0,0&#8243; element_id=&#8221;330977&#8243; element_font=&#8221;Theme default:700:latin&#8221; element_css=&#8221;#et-heading-330977 .text-wrapper {background-color:transparent;padding:0;}#et-heading-330977 {color:#d90429;font-weight:700;line-height:48px;text-transform:uppercase;}#et-heading-330977 a {color:#d90429;}#et-heading-330977 {margin:0px 0px 8px 0px;}#et-heading-330977 .text-wrapper {padding:0px 0px 0px 0px;}&#8221;]Magol &#8211; Leonel &#038; Filhos LDA[\/et_heading][et_heading type=&#8221;p&#8221; font_weight=&#8221;600&#8243; font_size=&#8221;18&#8243; line_height=&#8221;28&#8243; text_transform=&#8221;uppercase&#8221; mobile_font_size=&#8221;17px&#8221; margin=&#8221;0,0,0,0&#8243; padding=&#8221;0,0,0,0&#8243; element_id=&#8221;567950&#8243; element_font=&#8221;Theme default:600:latin&#8221; element_css=&#8221;#et-heading-567950 .text-wrapper {background-color:transparent;padding:0;}#et-heading-567950 {color:#212121;font-size:18px;font-weight:600;line-height:28px;text-transform:uppercase;}#et-heading-567950 a {color:#212121;}#et-heading-567950 {margin:0px 0px 0px 0px;}#et-heading-567950 .text-wrapper {padding:0px 0px 0px 0px;}&#8221;]Especialistas em carro\u00e7arias personalizadas![\/et_heading][et_separator top=&#8221;16&#8243; element_id=&#8221;89771&#8243; element_css=&#8221;.et-separator-89771 .line {margin-top:16px;margin-bottom:24px;border-bottom-color:#e0e0e0;border-bottom-style:solid;}&#8221;][vc_column_text animation_delay=&#8221;0&#8243;]Fundada em 1983, a MAGOL &#8211; Leonel &amp; Filhos LDA tem como principal objectivo responder de forma r\u00e1pida e eficaz \u00e0s necessidades dos clientes.<\/p>\n<p>Investindo ao longo dos tempos na inova\u00e7\u00e3o, forma\u00e7\u00e3o dos seus colaboradores e na aquisi\u00e7\u00e3o de tecnologia, a MAGOL &#8211; Leonel &amp; Filhos LDA especializou-se entre outros no design, produ\u00e7\u00e3o e montagem de carro\u00e7arias personalizadas para as suas viaturas.<\/p>\n<p>Com uma produ\u00e7\u00e3o cada vez mais mecanizada, eficaz e com grande n\u00edvel de qualidade e acabamento final, oferecemos uma vasta gama de produtos e solu\u00e7\u00f5es que oferece aos nossos clientes a melhor escolha adequada \u00e0s suas necessidades.<\/p>\n<p>Porque o mais importante \u00e9 a nossa rela\u00e7\u00e3o com os nossos clientes, esperemos a sua visita![\/vc_column_text][\/vc_column][vc_column animation_delay=&#8221;0&#8243; element_id=&#8221;683743&#8243; offset=&#8221;vc_col-lg-5 vc_col-md-12 vc_col-xs-12&#8243; crp=&#8221;480:i:i,480-768:i:i,768-1024:i:i,1024-1280:i:i,1280-1366:i:i,1366-1600:i:i,1600-1920:i:i&#8221; css=&#8221;.vc_custom_1604542199963{background-image: url(https:\/\/enovathemes.com\/mobimax\/wp-content\/uploads\/row_back_4.jpg?id=4516) !important;background-position: center !important;background-repeat: no-repeat !important;background-size: contain !important;}&#8221;][et_gap element_id=&#8221;112034&#8243; element_css=&#8221;.et-gap-112034 {height:32px;}&#8221; rv=&#8221;1280&#8243;][et_image alignment=&#8221;right&#8221; curtain=&#8221;true&#8221; curtain_color=&#8221;#D90429&#8243; curtain_animation_delay=&#8221;0&#8243; element_id=&#8221;719627&#8243; element_css=&#8221;#et-image-719627 .curtain {background-color:#D90429;}&#8221; image=&#8221;4518&#8243;][\/vc_column][\/vc_row][vc_row element_id=&#8221;83068&#8243; css=&#8221;.vc_custom_1560425778621{padding-top: 48px !important;padding-bottom: 56px !important;}&#8221;][vc_column][et_heading text_align=&#8221;center&#8221; type=&#8221;h3&#8243; text_color=&#8221;#D90429&#8243; font_weight=&#8221;700&#8243; line_height=&#8221;24&#8243; text_transform=&#8221;uppercase&#8221; mobile_font_size=&#8221;21px&#8221; margin=&#8221;0,0,8,0&#8243; padding=&#8221;0,0,0,0&#8243; element_id=&#8221;18839&#8243; element_font=&#8221;Theme default:700:latin&#8221; element_css=&#8221;#et-heading-18839 .text-wrapper {background-color:transparent;padding:0;}#et-heading-18839 {color:#D90429;font-weight:700;line-height:24px;text-transform:uppercase;}#et-heading-18839 a {color:#D90429;}#et-heading-18839 {margin:0px 0px 8px 0px;}#et-heading-18839 .text-wrapper {padding:0px 0px 0px 0px;}&#8221;]Os Nossos Parceiros[\/et_heading][et_heading text_align=&#8221;center&#8221; type=&#8221;p&#8221; text_color=&#8221;#515364&#8243; font_weight=&#8221;500&#8243; line_height=&#8221;24&#8243; text_transform=&#8221;uppercase&#8221; margin=&#8221;0,0,0,0&#8243; padding=&#8221;0,0,0,0&#8243; element_id=&#8221;855370&#8243; element_font=&#8221;Theme default:500:latin&#8221; element_css=&#8221;#et-heading-855370 .text-wrapper {background-color:transparent;padding:0;}#et-heading-855370 {color:#515364;font-weight:500;line-height:24px;text-transform:uppercase;}#et-heading-855370 a {color:#515364;}#et-heading-855370 {margin:0px 0px 0px 0px;}#et-heading-855370 .text-wrapper {padding:0px 0px 0px 0px;}&#8221;]O know how e experi\u00eancia dos nossos parceiros ao servi\u00e7o dos nossos clientes[\/et_heading][et_client_container columns=&#8221;6&#8243; gap=&#8221;8&#8243;][\/et_client_container][et_make_container icon_size=&#8221;medium&#8221; columns=&#8221;4&#8243; gap=&#8221;0&#8243; element_id=&#8221;828790&#8243; element_css=&#8221;#et-make-container-828790 {}&#8221;][et_make title=&#8221;TRI Publicidade&#8221; link=&#8221;https:\/\/www.tri-publicidade.com&#8221; element_id=&#8221;844484&#8243; element_css=&#8221;#et-make-844484 {}#et-make-844484:hover {}#et-make-844484 .et-make-title {color:#212121;}&#8221; icon=&#8221;images\/makes\/abarth.svg&#8221; image=&#8221;5036&#8243;][et_make title=&#8221;DHOLLANDIA&#8221; link=&#8221;http:\/\/www.dhollandia.pt\/PT\/pt&#8221; element_id=&#8221;948364&#8243; element_css=&#8221;#et-make-948364 {}#et-make-948364:hover {}#et-make-948364 .et-make-title {color:#212121;}&#8221; icon=&#8221;images\/makes\/abarth.svg&#8221; image=&#8221;5165&#8243;][et_make title=&#8221;SPX&#8221; link=&#8221;https:\/\/www.spx.pt\/&#8221; element_id=&#8221;966705&#8243; element_css=&#8221;#et-make-966705 {}#et-make-966705:hover {}#et-make-966705 .et-make-title {color:#212121;}&#8221; icon=&#8221;images\/makes\/abarth.svg&#8221; image=&#8221;5176&#8243;][\/et_make_container][\/vc_column][\/vc_row][vc_row][vc_column][et_gap element_id=&#8221;833516&#8243; element_css=&#8221;.et-gap-833516 {height:32px;}&#8221;][\/vc_column][\/vc_row]<\/p>\n","protected":false},"excerpt":{"rendered":"<p>[vc_row gap=&#8221;40&#8243; equal_height=&#8221;yes&#8221; content_placement=&#8221;top&#8221; element_id=&#8221;214947&#8243; css=&#8221;.vc_custom_1604542251082{padding-bottom: 48px !important;}&#8221;][vc_column animation_delay=&#8221;0&#8243; element_id=&#8221;95569&#8243; offset=&#8221;vc_col-lg-7 vc_col-md-12 vc_col-xs-12&#8243; crp=&#8221;480:i:i,480-768:i:i,768-1024:i:i,1024-1280:i:i,1280-1366:i:i,1366-1600:i:i,1600-1920:i:i&#8221;][et_heading type=&#8221;h3&#8243; text_color=&#8221;#d90429&#8243; font_weight=&#8221;700&#8243; line_height=&#8221;48&#8243; text_transform=&#8221;uppercase&#8221; mobile_font_size=&#8221;32px&#8221; mobile_line_height=&#8221;40px&#8221; margin=&#8221;0,0,8,0&#8243; padding=&#8221;0,0,0,0&#8243; element_id=&#8221;330977&#8243; element_font=&#8221;Theme default:700:latin&#8221; element_css=&#8221;#et-heading-330977 .text-wrapper {background-color:transparent;padding:0;}#et-heading-330977 {color:#d90429;font-weight:700;line-height:48px;text-transform:uppercase;}#et-heading-330977 a {color:#d90429;}#et-heading-330977 {margin:0px 0px 8px 0px;}#et-heading-330977 .text-wrapper {padding:0px 0px 0px 0px;}&#8221;]Magol &#8211; Leonel &#038; Filhos LDA[\/et_heading][et_heading type=&#8221;p&#8221; font_weight=&#8221;600&#8243; font_size=&#8221;18&#8243; line_height=&#8221;28&#8243; text_transform=&#8221;uppercase&#8221; mobile_font_size=&#8221;17px&#8221; margin=&#8221;0,0,0,0&#8243; padding=&#8221;0,0,0,0&#8243; element_id=&#8221;567950&#8243; [&hellip;]<\/p>\n","protected":false},"author":2,"featured_media":0,"parent":0,"menu_order":0,"comment_status":"closed","ping_status":"closed","template":"page-vc.php","meta":{"footnotes":""},"class_list":["post-2184","page","type-page","status-publish","hentry"],"_links":{"self":[{"href":"https:\/\/magol.pt\/index.php\/wp-json\/wp\/v2\/pages\/2184","targetHints":{"allow":["GET"]}}],"collection":[{"href":"https:\/\/magol.pt\/index.php\/wp-json\/wp\/v2\/pages"}],"about":[{"href":"https:\/\/magol.pt\/index.php\/wp-json\/wp\/v2\/types\/page"}],"author":[{"embeddable":true,"href":"https:\/\/magol.pt\/index.php\/wp-json\/wp\/v2\/users\/2"}],"replies":[{"embeddable":true,"href":"https:\/\/magol.pt\/index.php\/wp-json\/wp\/v2\/comments?post=2184"}],"version-history":[{"count":0,"href":"https:\/\/magol.pt\/index.php\/wp-json\/wp\/v2\/pages\/2184\/revisions"}],"wp:attachment":[{"href":"https:\/\/magol.pt\/index.php\/wp-json\/wp\/v2\/media?parent=2184"}],"curies":[{"name":"wp","href":"https:\/\/api.w.org\/{rel}","templated":true}]}}