{"id":5061,"date":"2020-11-04T16:53:25","date_gmt":"2020-11-04T16:53:25","guid":{"rendered":"https:\/\/magol.tri-publicidade.com\/?page_id=5061"},"modified":"2020-11-04T16:53:25","modified_gmt":"2020-11-04T16:53:25","slug":"caixas-basculantes","status":"publish","type":"page","link":"https:\/\/magol.pt\/index.php\/carrocarias\/caixas-basculantes\/","title":{"rendered":"Caixas Basculantes"},"content":{"rendered":"<p>[vc_row][vc_column][et_gap element_id=&#8221;505184&#8243; element_css=&#8221;.et-gap-505184 {height:32px;}&#8221;][\/vc_column][\/vc_row][vc_row][vc_column animation_delay=&#8221;0&#8243; text_align=&#8221;center&#8221; element_id=&#8221;186589&#8243; crp=&#8221;480:i:i,480-768:i:i,768-1024:i:i,1024-1280:i:i,1280-1366:i:i,1366-1600:i:i,1600-1920:i:i&#8221;][vc_images_carousel images=&#8221;5146,5147,5148,5149&#8243; img_size=&#8221;full&#8221; speed=&#8221;3000&#8243; autoplay=&#8221;yes&#8221; wrap=&#8221;yes&#8221;][\/vc_column][\/vc_row][vc_row][vc_column][et_gap element_id=&#8221;19722&#8243; element_css=&#8221;.et-gap-19722 {height:32px;}&#8221;][et_highlight_heading type=&#8221;h2&#8243; font_weight=&#8221;500&#8243; text_transform=&#8221;uppercase&#8221; margin=&#8221;0,0,0,0&#8243; element_id=&#8221;782660&#8243; element_font=&#8221;Theme default:500:latin&#8221; element_css=&#8221;#et-highlight-heading-782660 .text-wrapper:before {background-color:#d90429;}#et-highlight-heading-782660 {color:#9a9a9a;font-weight:500;text-transform:uppercase;}#et-highlight-heading-782660 {margin:0px 0px 0px 0px;}&#8221; title=&#8221;Carro\u00e7arias Basculantes&#8221;][et_gap element_id=&#8221;405641&#8243; element_css=&#8221;.et-gap-405641 {height:32px;}&#8221;][\/vc_column][\/vc_row][vc_row][vc_column][vc_column_text animation_delay=&#8221;0&#8243;]Carro\u00e7aria basculante:<\/p>\n<p>-taipais em a\u00e7o, madeira ou alum\u00ednio<\/p>\n<p>-piso geralmente em chapa ou hardox<\/p>\n<p>-malhal em chapa ou tubo<\/p>\n<p>&nbsp;[\/vc_column_text][\/vc_column][\/vc_row]<\/p>\n","protected":false},"excerpt":{"rendered":"<p>[vc_row][vc_column][et_gap element_id=&#8221;505184&#8243; element_css=&#8221;.et-gap-505184 {height:32px;}&#8221;][\/vc_column][\/vc_row][vc_row][vc_column animation_delay=&#8221;0&#8243; text_align=&#8221;center&#8221; element_id=&#8221;186589&#8243; crp=&#8221;480:i:i,480-768:i:i,768-1024:i:i,1024-1280:i:i,1280-1366:i:i,1366-1600:i:i,1600-1920:i:i&#8221;][vc_images_carousel images=&#8221;5146,5147,5148,5149&#8243; img_size=&#8221;full&#8221; speed=&#8221;3000&#8243; autoplay=&#8221;yes&#8221; wrap=&#8221;yes&#8221;][\/vc_column][\/vc_row][vc_row][vc_column][et_gap element_id=&#8221;19722&#8243; element_css=&#8221;.et-gap-19722 {height:32px;}&#8221;][et_highlight_heading type=&#8221;h2&#8243; font_weight=&#8221;500&#8243; text_transform=&#8221;uppercase&#8221; margin=&#8221;0,0,0,0&#8243; element_id=&#8221;782660&#8243; element_font=&#8221;Theme default:500:latin&#8221; element_css=&#8221;#et-highlight-heading-782660 .text-wrapper:before {background-color:#d90429;}#et-highlight-heading-782660 {color:#9a9a9a;font-weight:500;text-transform:uppercase;}#et-highlight-heading-782660 {margin:0px 0px 0px 0px;}&#8221; title=&#8221;Carro\u00e7arias Basculantes&#8221;][et_gap element_id=&#8221;405641&#8243; element_css=&#8221;.et-gap-405641 {height:32px;}&#8221;][\/vc_column][\/vc_row][vc_row][vc_column][vc_column_text animation_delay=&#8221;0&#8243;]Carro\u00e7aria basculante: -taipais em a\u00e7o, madeira ou alum\u00ednio -piso geralmente em chapa ou hardox -malhal em chapa ou tubo [&hellip;]<\/p>\n","protected":false},"author":2,"featured_media":0,"parent":5125,"menu_order":0,"comment_status":"closed","ping_status":"closed","template":"","meta":{"footnotes":""},"class_list":["post-5061","page","type-page","status-publish","hentry"],"_links":{"self":[{"href":"https:\/\/magol.pt\/index.php\/wp-json\/wp\/v2\/pages\/5061","targetHints":{"allow":["GET"]}}],"collection":[{"href":"https:\/\/magol.pt\/index.php\/wp-json\/wp\/v2\/pages"}],"about":[{"href":"https:\/\/magol.pt\/index.php\/wp-json\/wp\/v2\/types\/page"}],"author":[{"embeddable":true,"href":"https:\/\/magol.pt\/index.php\/wp-json\/wp\/v2\/users\/2"}],"replies":[{"embeddable":true,"href":"https:\/\/magol.pt\/index.php\/wp-json\/wp\/v2\/comments?post=5061"}],"version-history":[{"count":0,"href":"https:\/\/magol.pt\/index.php\/wp-json\/wp\/v2\/pages\/5061\/revisions"}],"up":[{"embeddable":true,"href":"https:\/\/magol.pt\/index.php\/wp-json\/wp\/v2\/pages\/5125"}],"wp:attachment":[{"href":"https:\/\/magol.pt\/index.php\/wp-json\/wp\/v2\/media?parent=5061"}],"curies":[{"name":"wp","href":"https:\/\/api.w.org\/{rel}","templated":true}]}}