{"id":5084,"date":"2020-11-04T16:59:44","date_gmt":"2020-11-04T16:59:44","guid":{"rendered":"https:\/\/magol.tri-publicidade.com\/?page_id=5084"},"modified":"2020-11-04T16:59:44","modified_gmt":"2020-11-04T16:59:44","slug":"caixas-fechadas","status":"publish","type":"page","link":"https:\/\/magol.pt\/index.php\/carrocarias\/caixas-fechadas\/","title":{"rendered":"Caixas Fechadas"},"content":{"rendered":"<p>[vc_row][vc_column][et_gap element_id=&#8221;453734&#8243; element_css=&#8221;.et-gap-453734 {height:32px;}&#8221;][\/vc_column][\/vc_row][vc_row][vc_column animation_delay=&#8221;0&#8243; width=&#8221;2\/3&#8243; text_align=&#8221;center&#8221; element_id=&#8221;278005&#8243; crp=&#8221;480:i:i,480-768:i:i,768-1024:i:i,1024-1280:i:i,1280-1366:i:i,1366-1600:i:i,1600-1920:i:i&#8221;][vc_images_carousel images=&#8221;5140,5142,5144&#8243; img_size=&#8221;full&#8221; speed=&#8221;3000&#8243; autoplay=&#8221;yes&#8221; wrap=&#8221;yes&#8221;][\/vc_column][vc_column animation_delay=&#8221;0&#8243; width=&#8221;1\/3&#8243; element_id=&#8221;343881&#8243; crp=&#8221;480:i:i,480-768:i:i,768-1024:i:i,1024-1280:i:i,1280-1366:i:i,1366-1600:i:i,1600-1920:i:i&#8221;][et_gap height=&#8221;60&#8243; element_id=&#8221;59602&#8243; element_css=&#8221;.et-gap-59602 {height:60px;}&#8221;][et_highlight_heading type=&#8221;h2&#8243; font_weight=&#8221;500&#8243; text_transform=&#8221;uppercase&#8221; margin=&#8221;0,0,0,0&#8243; element_id=&#8221;687684&#8243; element_font=&#8221;Theme default:500:latin&#8221; element_css=&#8221;#et-highlight-heading-687684 .text-wrapper:before {background-color:#d90429;}#et-highlight-heading-687684 {color:#9a9a9a;font-weight:500;text-transform:uppercase;}#et-highlight-heading-687684 {margin:0px 0px 0px 0px;}&#8221; title=&#8221;Alum\u00ednio&#8221;][et_gap element_id=&#8221;879048&#8243; element_css=&#8221;.et-gap-879048 {height:32px;}&#8221;][vc_column_text animation_delay=&#8221;0&#8243;]Contentor em alum\u00ednio para transporte de mercadoria.[\/vc_column_text][\/vc_column][\/vc_row][vc_row][vc_column][et_gap element_id=&#8221;683790&#8243; element_css=&#8221;.et-gap-683790 {height:32px;}&#8221;][vc_row_inner][vc_column_inner width=&#8221;1\/3&#8243; element_id=&#8221;633154&#8243; crp=&#8221;480:i:i,480-768:i:i,768-1024:i:i,1024-1280:i:i,1280-1366:i:i,1366-1600:i:i,1600-1920:i:i&#8221;][et_gap height=&#8221;60&#8243; element_id=&#8221;59602&#8243; element_css=&#8221;.et-gap-59602 {height:60px;}&#8221;][et_highlight_heading type=&#8221;h2&#8243; font_weight=&#8221;500&#8243; text_transform=&#8221;uppercase&#8221; margin=&#8221;0,0,0,0&#8243; element_id=&#8221;891912&#8243; element_font=&#8221;Theme default:500:latin&#8221; element_css=&#8221;#et-highlight-heading-891912 .text-wrapper:before {background-color:#d90429;}#et-highlight-heading-891912 {color:#9a9a9a;font-weight:500;text-transform:uppercase;}#et-highlight-heading-891912 {margin:0px 0px 0px 0px;}&#8221; title=&#8221;Sandwich&#8221;][et_gap element_id=&#8221;879048&#8243; element_css=&#8221;.et-gap-879048 {height:32px;}&#8221;][vc_column_text animation_delay=&#8221;0&#8243;]Contentor em painel sandwich.<\/p>\n<p>Dispon\u00edvel em v\u00e1rias medidas de espessura e isot\u00e9rmicas.[\/vc_column_text][\/vc_column_inner][vc_column_inner width=&#8221;2\/3&#8243; element_id=&#8221;404866&#8243; crp=&#8221;480:i:i,480-768:i:i,768-1024:i:i,1024-1280:i:i,1280-1366:i:i,1366-1600:i:i,1600-1920:i:i&#8221;][vc_images_carousel images=&#8221;5152,5154,5141&#8243; img_size=&#8221;full&#8221; speed=&#8221;4000&#8243; autoplay=&#8221;yes&#8221; wrap=&#8221;yes&#8221;][\/vc_column_inner][\/vc_row_inner][vc_row_inner][vc_column_inner width=&#8221;2\/3&#8243; element_id=&#8221;404866&#8243; crp=&#8221;480:i:i,480-768:i:i,768-1024:i:i,1024-1280:i:i,1280-1366:i:i,1366-1600:i:i,1600-1920:i:i&#8221;][vc_images_carousel images=&#8221;5153&#8243; img_size=&#8221;full&#8221; speed=&#8221;4000&#8243; autoplay=&#8221;yes&#8221; wrap=&#8221;yes&#8221;][\/vc_column_inner][vc_column_inner width=&#8221;1\/3&#8243; element_id=&#8221;633154&#8243; crp=&#8221;480:i:i,480-768:i:i,768-1024:i:i,1024-1280:i:i,1280-1366:i:i,1366-1600:i:i,1600-1920:i:i&#8221;][et_gap height=&#8221;60&#8243; element_id=&#8221;59602&#8243; element_css=&#8221;.et-gap-59602 {height:60px;}&#8221;][et_highlight_heading type=&#8221;h2&#8243; font_weight=&#8221;500&#8243; text_transform=&#8221;uppercase&#8221; margin=&#8221;0,0,0,0&#8243; element_id=&#8221;776564&#8243; element_font=&#8221;Theme default:500:latin&#8221; element_css=&#8221;#et-highlight-heading-776564 .text-wrapper:before {background-color:#d90429;}#et-highlight-heading-776564 {color:#9a9a9a;font-weight:500;text-transform:uppercase;}#et-highlight-heading-776564 {margin:0px 0px 0px 0px;}&#8221; title=&#8221;PLYWOOD&#8221;][et_gap element_id=&#8221;879048&#8243; element_css=&#8221;.et-gap-879048 {height:32px;}&#8221;][vc_column_text animation_delay=&#8221;0&#8243;]Contentor em PLYWOOD<\/p>\n<p>Dispon\u00edvel em v\u00e1rias medidas de espessura.[\/vc_column_text][\/vc_column_inner][\/vc_row_inner][\/vc_column][\/vc_row]<\/p>\n","protected":false},"excerpt":{"rendered":"<p>[vc_row][vc_column][et_gap element_id=&#8221;453734&#8243; element_css=&#8221;.et-gap-453734 {height:32px;}&#8221;][\/vc_column][\/vc_row][vc_row][vc_column animation_delay=&#8221;0&#8243; width=&#8221;2\/3&#8243; text_align=&#8221;center&#8221; element_id=&#8221;278005&#8243; crp=&#8221;480:i:i,480-768:i:i,768-1024:i:i,1024-1280:i:i,1280-1366:i:i,1366-1600:i:i,1600-1920:i:i&#8221;][vc_images_carousel images=&#8221;5140,5142,5144&#8243; img_size=&#8221;full&#8221; speed=&#8221;3000&#8243; autoplay=&#8221;yes&#8221; wrap=&#8221;yes&#8221;][\/vc_column][vc_column animation_delay=&#8221;0&#8243; width=&#8221;1\/3&#8243; element_id=&#8221;343881&#8243; crp=&#8221;480:i:i,480-768:i:i,768-1024:i:i,1024-1280:i:i,1280-1366:i:i,1366-1600:i:i,1600-1920:i:i&#8221;][et_gap height=&#8221;60&#8243; element_id=&#8221;59602&#8243; element_css=&#8221;.et-gap-59602 {height:60px;}&#8221;][et_highlight_heading type=&#8221;h2&#8243; font_weight=&#8221;500&#8243; text_transform=&#8221;uppercase&#8221; margin=&#8221;0,0,0,0&#8243; element_id=&#8221;687684&#8243; element_font=&#8221;Theme default:500:latin&#8221; element_css=&#8221;#et-highlight-heading-687684 .text-wrapper:before {background-color:#d90429;}#et-highlight-heading-687684 {color:#9a9a9a;font-weight:500;text-transform:uppercase;}#et-highlight-heading-687684 {margin:0px 0px 0px 0px;}&#8221; title=&#8221;Alum\u00ednio&#8221;][et_gap element_id=&#8221;879048&#8243; element_css=&#8221;.et-gap-879048 {height:32px;}&#8221;][vc_column_text animation_delay=&#8221;0&#8243;]Contentor em alum\u00ednio para transporte de mercadoria.[\/vc_column_text][\/vc_column][\/vc_row][vc_row][vc_column][et_gap element_id=&#8221;683790&#8243; element_css=&#8221;.et-gap-683790 {height:32px;}&#8221;][vc_row_inner][vc_column_inner width=&#8221;1\/3&#8243; element_id=&#8221;633154&#8243; crp=&#8221;480:i:i,480-768:i:i,768-1024:i:i,1024-1280:i:i,1280-1366:i:i,1366-1600:i:i,1600-1920:i:i&#8221;][et_gap height=&#8221;60&#8243; [&hellip;]<\/p>\n","protected":false},"author":2,"featured_media":0,"parent":5125,"menu_order":0,"comment_status":"closed","ping_status":"closed","template":"","meta":{"footnotes":""},"class_list":["post-5084","page","type-page","status-publish","hentry"],"_links":{"self":[{"href":"https:\/\/magol.pt\/index.php\/wp-json\/wp\/v2\/pages\/5084","targetHints":{"allow":["GET"]}}],"collection":[{"href":"https:\/\/magol.pt\/index.php\/wp-json\/wp\/v2\/pages"}],"about":[{"href":"https:\/\/magol.pt\/index.php\/wp-json\/wp\/v2\/types\/page"}],"author":[{"embeddable":true,"href":"https:\/\/magol.pt\/index.php\/wp-json\/wp\/v2\/users\/2"}],"replies":[{"embeddable":true,"href":"https:\/\/magol.pt\/index.php\/wp-json\/wp\/v2\/comments?post=5084"}],"version-history":[{"count":0,"href":"https:\/\/magol.pt\/index.php\/wp-json\/wp\/v2\/pages\/5084\/revisions"}],"up":[{"embeddable":true,"href":"https:\/\/magol.pt\/index.php\/wp-json\/wp\/v2\/pages\/5125"}],"wp:attachment":[{"href":"https:\/\/magol.pt\/index.php\/wp-json\/wp\/v2\/media?parent=5084"}],"curies":[{"name":"wp","href":"https:\/\/api.w.org\/{rel}","templated":true}]}}