{"id":5490,"date":"2022-05-07T08:26:22","date_gmt":"2022-05-07T08:26:22","guid":{"rendered":"https:\/\/www.magol.pt\/?page_id=5490"},"modified":"2022-05-07T08:26:22","modified_gmt":"2022-05-07T08:26:22","slug":"acessorios","status":"publish","type":"page","link":"https:\/\/magol.pt\/index.php\/acessorios\/","title":{"rendered":"Acess\u00f3rios"},"content":{"rendered":"<p>[vc_row][vc_column animation_delay=&#8221;0&#8243; width=&#8221;1\/2&#8243; element_id=&#8221;724461&#8243; crp=&#8221;480:i:i,480-768:i:i,768-1024:i:i,1024-1280:i:i,1280-1366:i:i,1366-1600:i:i,1600-1920:i:i&#8221;][vc_single_image image=&#8221;5501&#8243; img_size=&#8221;full&#8221; title=&#8221;Caixa pl\u00e1stica&#8221;][et_gap element_id=&#8221;151938&#8243; element_css=&#8221;.et-gap-151938 {height:32px;}&#8221;][\/vc_column][vc_column width=&#8221;1\/2&#8243;][et_gap element_id=&#8221;647979&#8243; element_css=&#8221;.et-gap-647979 {height:32px;}&#8221;][et_gap element_id=&#8221;872976&#8243; element_css=&#8221;.et-gap-872976 {height:32px;}&#8221;][vc_single_image image=&#8221;5500&#8243; img_size=&#8221;full&#8221; alignment=&#8221;center&#8221;][et_gap element_id=&#8221;650925&#8243; element_css=&#8221;.et-gap-650925 {height:32px;}&#8221;][et_gap_inline element_id=&#8221;785633&#8243; element_css=&#8221;.et-gap-inline-785633 {width:32px;}&#8221;][\/vc_column][\/vc_row][vc_row][vc_column width=&#8221;1\/2&#8243;][vc_single_image image=&#8221;5552&#8243; img_size=&#8221;full&#8221; title=&#8221;Bola fixa pesco\u00e7o de cisne&#8221;][\/vc_column][vc_column animation_delay=&#8221;0&#8243; width=&#8221;1\/2&#8243; text_align=&#8221;center&#8221; element_id=&#8221;659509&#8243; crp=&#8221;480:i:i,480-768:i:i,768-1024:i:i,1024-1280:i:i,1280-1366:i:i,1366-1600:i:i,1600-1920:i:i&#8221;][vc_column_text animation_delay=&#8221;0&#8243;]<b style=\"font-size: 16px;\">Vantagens<\/b><\/p>\n<div class=\"align-left\">\n<ul class=\"arrow-2\">\n<li>Seguran\u00e7a.<\/li>\n<li>Aconselh\u00e1vel para uso frequente.<\/li>\n<li>Excelente est\u00e9tica adaptada a cada ve\u00edculo.<\/li>\n<li>Pode-se desmontar com ferramentas.<\/li>\n<\/ul>\n<\/div>\n<p>[\/vc_column_text][\/vc_column][\/vc_row]<\/p>\n","protected":false},"excerpt":{"rendered":"<p>[vc_row][vc_column animation_delay=&#8221;0&#8243; width=&#8221;1\/2&#8243; element_id=&#8221;724461&#8243; crp=&#8221;480:i:i,480-768:i:i,768-1024:i:i,1024-1280:i:i,1280-1366:i:i,1366-1600:i:i,1600-1920:i:i&#8221;][vc_single_image image=&#8221;5501&#8243; img_size=&#8221;full&#8221; title=&#8221;Caixa pl\u00e1stica&#8221;][et_gap element_id=&#8221;151938&#8243; element_css=&#8221;.et-gap-151938 {height:32px;}&#8221;][\/vc_column][vc_column width=&#8221;1\/2&#8243;][et_gap element_id=&#8221;647979&#8243; element_css=&#8221;.et-gap-647979 {height:32px;}&#8221;][et_gap element_id=&#8221;872976&#8243; element_css=&#8221;.et-gap-872976 {height:32px;}&#8221;][vc_single_image image=&#8221;5500&#8243; img_size=&#8221;full&#8221; alignment=&#8221;center&#8221;][et_gap element_id=&#8221;650925&#8243; element_css=&#8221;.et-gap-650925 {height:32px;}&#8221;][et_gap_inline element_id=&#8221;785633&#8243; element_css=&#8221;.et-gap-inline-785633 {width:32px;}&#8221;][\/vc_column][\/vc_row][vc_row][vc_column width=&#8221;1\/2&#8243;][vc_single_image image=&#8221;5552&#8243; img_size=&#8221;full&#8221; title=&#8221;Bola fixa pesco\u00e7o de cisne&#8221;][\/vc_column][vc_column animation_delay=&#8221;0&#8243; width=&#8221;1\/2&#8243; text_align=&#8221;center&#8221; element_id=&#8221;659509&#8243; crp=&#8221;480:i:i,480-768:i:i,768-1024:i:i,1024-1280:i:i,1280-1366:i:i,1366-1600:i:i,1600-1920:i:i&#8221;][vc_column_text animation_delay=&#8221;0&#8243;]Vantagens Seguran\u00e7a. Aconselh\u00e1vel para uso frequente. Excelente est\u00e9tica adaptada a cada ve\u00edculo. Pode-se desmontar [&hellip;]<\/p>\n","protected":false},"author":4,"featured_media":0,"parent":0,"menu_order":0,"comment_status":"closed","ping_status":"closed","template":"","meta":{"footnotes":""},"class_list":["post-5490","page","type-page","status-publish","hentry"],"_links":{"self":[{"href":"https:\/\/magol.pt\/index.php\/wp-json\/wp\/v2\/pages\/5490","targetHints":{"allow":["GET"]}}],"collection":[{"href":"https:\/\/magol.pt\/index.php\/wp-json\/wp\/v2\/pages"}],"about":[{"href":"https:\/\/magol.pt\/index.php\/wp-json\/wp\/v2\/types\/page"}],"author":[{"embeddable":true,"href":"https:\/\/magol.pt\/index.php\/wp-json\/wp\/v2\/users\/4"}],"replies":[{"embeddable":true,"href":"https:\/\/magol.pt\/index.php\/wp-json\/wp\/v2\/comments?post=5490"}],"version-history":[{"count":0,"href":"https:\/\/magol.pt\/index.php\/wp-json\/wp\/v2\/pages\/5490\/revisions"}],"wp:attachment":[{"href":"https:\/\/magol.pt\/index.php\/wp-json\/wp\/v2\/media?parent=5490"}],"curies":[{"name":"wp","href":"https:\/\/api.w.org\/{rel}","templated":true}]}}